{"id":80,"date":"2022-09-07T17:34:56","date_gmt":"2022-09-07T15:34:56","guid":{"rendered":"https:\/\/eaglescheerleading.wordpress.com\/?page_id=80"},"modified":"2025-08-07T18:47:57","modified_gmt":"2025-08-07T16:47:57","slug":"le-club","status":"publish","type":"page","link":"https:\/\/eaglescheerleading.fr\/index.php\/le-club\/","title":{"rendered":"Le club"},"content":{"rendered":"\n<p>Bienvenue chez les Eagles, le club de cheerleading de Meaux !<\/p>\n\n\n\n<p>Le club des Eagles voit le jour en mars 2018 sous l\u2019impulsion de Sandra Lefevre, ancienne gymnaste de haut-niveau et aujourd\u2019hui pr\u00e9sidente du club.<\/p>\n\n\n\n<p>Notre club rassemble des athl\u00e8tes de tous \u00e2ges autour d\u2019une discipline spectaculaire et compl\u00e8te : le cheerleading.<\/p>\n\n\n\n<p>\ud83e\udd85 <strong>Nos valeurs<\/strong><\/p>\n\n\n\n<p>Chez les Eagles, nous croyons en la discipline, la solidarit\u00e9, le d\u00e9passement de soi et surtout, en la force du collectif. Chaque athl\u00e8te, quel que soit son niveau, trouve sa place dans une \u00e9quipe soud\u00e9e.<\/p>\n\n\n\n<p><strong>\ud83c\udf0d<\/strong> <strong>Un club inclusif et engag\u00e9<\/strong><\/p>\n\n\n\n<p>Nous sommes fiers d\u2019\u00eatre un club ouvert \u00e0 toutes et \u00e0 tous. Les Eagles accueillent \u00e9galement des personnes en situation de handicap, avec des encadrants form\u00e9s et une approche adapt\u00e9e aux besoins de chacun. Parce que le cheerleading est un sport qui valorise chaque individualit\u00e9, nous mettons un point d\u2019honneur \u00e0 garantir un environnement bienveillant, accessible et respectueux des diff\u00e9rences.<\/p>\n\n\n\n<p>\ud83d\udc76 <strong>Un club accessible d\u00e8s 4 ans<\/strong><\/p>\n\n\n\n<p>Le cheerleading est un sport complet qui peut se pratiquer tr\u00e8s t\u00f4t. Nous accueillons les enfants d\u00e8s l\u2019\u00e2ge de 4 ans, dans des groupes adapt\u00e9s \u00e0 leur d\u00e9veloppement et \u00e0 leurs capacit\u00e9s. Apprendre en s\u2019amusant, progresser \u00e0 son rythme et d\u00e9couvrir l\u2019esprit d\u2019\u00e9quipe : voil\u00e0 ce que nous offrons d\u00e8s le plus jeune \u00e2ge.<\/p>\n\n\n\n<p>\ud83d\udcaa <strong>Un club pour tous les niveaux<\/strong><\/p>\n\n\n\n<p>Que vous soyez d\u00e9butant curieux ou athl\u00e8te confirm\u00e9, les Eagles proposent des \u00e9quipes pour tous les \u00e2ges et tous les niveaux. De la d\u00e9couverte loisir au haut niveau, chacun peut \u00e9voluer dans un cadre \u00e0 la fois exigeant, stimulant et bienveillant.<\/p>\n\n\n\n<p>\ud83e\udd47\ud83e\udd48\ud83e\udd49 <strong>Une formation qui porte ses fruits<\/strong><\/p>\n\n\n\n<p>Notre travail aupr\u00e8s des jeunes est au c\u0153ur de notre projet. En 2025, les r\u00e9sultats ont encore \u00e9t\u00e9 au rendez-vous : nos Juniors sont devenues vice-championnes de France niveau m\u00e9dian. Une performance qui t\u00e9moigne de l\u2019engagement de nos athl\u00e8tes et de la qualit\u00e9 de l\u2019encadrement.<\/p>\n\n\n\n<p>Nous formons d\u00e8s aujourd\u2019hui les athl\u00e8tes de demain, en cr\u00e9ant un v\u00e9ritable vivier de talents, capable d\u2019\u00e9voluer vers le plus haut niveau national et international.<\/p>\n\n\n\n<p>\ud83c\uddeb\ud83c\uddf7 <strong>Des Eagles en \u00c9quipe de France<\/strong><\/p>\n\n\n\n<p>La qualit\u00e9 de notre formation et l\u2019investissement de nos athl\u00e8tes portent leurs fruits : plusieurs membres du club ont \u00e9t\u00e9 s\u00e9lectionn\u00e9s en \u00c9quipe de France de cheerleading. Une reconnaissance nationale qui t\u00e9moigne du niveau d\u2019excellence que nous visons chaque jour, et une immense fiert\u00e9 pour tout le club. Porter les couleurs de la France sur la sc\u00e8ne internationale, c\u2019est aussi repr\u00e9senter Meaux, nos valeurs et notre passion.<\/p>\n\n\n\n<p>\ud83c\udf93 <strong>Un encadrement d\u2019\u00e9lite<\/strong><\/p>\n\n\n\n<p>Notre entra\u00eeneur principal ne se contente pas de faire progresser nos Eagles : il est \u00e9galement l\u2019entra\u00eeneur de l\u2019\u00c9quipe de France COED. Cette double casquette refl\u00e8te l\u2019exigence, l\u2019exp\u00e9rience et la vision de haut niveau que nous transmettons au quotidien \u00e0 nos athl\u00e8tes. Nous garantissons ainsi \u00e0 nos athl\u00e8tes un encadrement de haut niveau, au plus proche des exigences internationales.<\/p>\n\n\n\n<p>\ud83c\udfc6 <strong>Champions du monde et comp\u00e9titeurs internationaux<\/strong><\/p>\n\n\n\n<p>Le club des Eagles s\u2019est forg\u00e9 une r\u00e9putation au niveau national et international. Nous participons r\u00e9guli\u00e8rement \u00e0 des comp\u00e9titions europ\u00e9ennes et mondiales, avec des r\u00e9sultats qui font notre fiert\u00e9. En point d\u2019orgue : notre titre de Champions du Monde 2025 en cat\u00e9gorie \u00e9lite COED, une cons\u00e9cration pour notre travail, notre passion et l\u2019engagement de toute une \u00e9quipe. Un honneur que nous portons avec fiert\u00e9 pour la ville de Meaux et pour le cheerleading fran\u00e7ais.<\/p>\n\n\n\n<p>\ud83c\udfaf <strong>Nos objectifs<\/strong><\/p>\n\n\n\n<ul class=\"wp-block-list\">\n<li>Promouvoir le cheerleading comme un sport \u00e0 part enti\u00e8re<\/li>\n\n\n\n<li>Offrir un encadrement de qualit\u00e9 \u00e0 tous les niveaux<\/li>\n\n\n\n<li>D\u00e9velopper l\u2019esprit d\u2019\u00e9quipe, la confiance et la condition physique<\/li>\n\n\n\n<li>Favoriser l\u2019inclusion et l\u2019accessibilit\u00e9 du sport pour tous<\/li>\n\n\n\n<li>Briller en comp\u00e9tition tout en restant fid\u00e8les \u00e0 nos valeurs humaines<\/li>\n\n\n\n<li>Transmettre la passion et l\u2019excellence \u00e0 travers le sourire et la performance<\/li>\n<\/ul>\n\n\n\n<p>\ud83d\udccd<strong>Rejoignez-nous \u00e0 Meaux !<\/strong><\/p>\n\n\n\n<p>Envie de voler avec les Eagles ? N\u2019h\u00e9sitez plus ! Que ce soit pour une inscription, une s\u00e9ance d\u2019essai ou simplement pour d\u00e9couvrir notre univers, les Eagles vous ouvrent leurs ailes.<\/p>\n\n\n\n<figure class=\"wp-block-image size-large\"><img loading=\"lazy\" decoding=\"async\" width=\"800\" height=\"534\" src=\"https:\/\/i0.wp.com\/eaglescheerleading.fr\/wp-content\/uploads\/2024\/12\/A47A7179.jpg?resize=800%2C534&#038;ssl=1\" alt=\"\" class=\"wp-image-894\" srcset=\"https:\/\/i0.wp.com\/eaglescheerleading.fr\/wp-content\/uploads\/2024\/12\/A47A7179-scaled.jpg?resize=1024%2C683&amp;ssl=1 1024w, https:\/\/i0.wp.com\/eaglescheerleading.fr\/wp-content\/uploads\/2024\/12\/A47A7179-scaled.jpg?resize=300%2C200&amp;ssl=1 300w, https:\/\/i0.wp.com\/eaglescheerleading.fr\/wp-content\/uploads\/2024\/12\/A47A7179-scaled.jpg?resize=768%2C512&amp;ssl=1 768w, https:\/\/i0.wp.com\/eaglescheerleading.fr\/wp-content\/uploads\/2024\/12\/A47A7179-scaled.jpg?resize=1536%2C1024&amp;ssl=1 1536w, https:\/\/i0.wp.com\/eaglescheerleading.fr\/wp-content\/uploads\/2024\/12\/A47A7179-scaled.jpg?w=1600&amp;ssl=1 1600w, https:\/\/i0.wp.com\/eaglescheerleading.fr\/wp-content\/uploads\/2024\/12\/A47A7179-scaled.jpg?w=2400&amp;ssl=1 2400w\" sizes=\"auto, (max-width: 800px) 100vw, 800px\" data-recalc-dims=\"1\" \/><\/figure>\n","protected":false},"excerpt":{"rendered":"<p>Bienvenue chez les Eagles, le club de cheerleading de Meaux ! Le club des Eagles voit le jour en mars 2018 sous l\u2019impulsion de Sandra Lefevre, ancienne&hellip; <span class=\"read-more\"><a class=\"more-link\" href=\"https:\/\/eaglescheerleading.fr\/index.php\/le-club\/\" rel=\"bookmark\">Lire la suite de <span class=\"screen-reader-text\">\u00ab\u00a0Le club\u00a0\u00bb<\/span><\/a><\/span><\/p>\n","protected":false},"author":2,"featured_media":0,"parent":0,"menu_order":0,"comment_status":"closed","ping_status":"closed","template":"","meta":{"footnotes":""},"class_list":["post-80","page","type-page","status-publish","hentry"],"jetpack_sharing_enabled":true,"_links":{"self":[{"href":"https:\/\/eaglescheerleading.fr\/index.php\/wp-json\/wp\/v2\/pages\/80","targetHints":{"allow":["GET"]}}],"collection":[{"href":"https:\/\/eaglescheerleading.fr\/index.php\/wp-json\/wp\/v2\/pages"}],"about":[{"href":"https:\/\/eaglescheerleading.fr\/index.php\/wp-json\/wp\/v2\/types\/page"}],"author":[{"embeddable":true,"href":"https:\/\/eaglescheerleading.fr\/index.php\/wp-json\/wp\/v2\/users\/2"}],"replies":[{"embeddable":true,"href":"https:\/\/eaglescheerleading.fr\/index.php\/wp-json\/wp\/v2\/comments?post=80"}],"version-history":[{"count":6,"href":"https:\/\/eaglescheerleading.fr\/index.php\/wp-json\/wp\/v2\/pages\/80\/revisions"}],"predecessor-version":[{"id":1288,"href":"https:\/\/eaglescheerleading.fr\/index.php\/wp-json\/wp\/v2\/pages\/80\/revisions\/1288"}],"wp:attachment":[{"href":"https:\/\/eaglescheerleading.fr\/index.php\/wp-json\/wp\/v2\/media?parent=80"}],"curies":[{"name":"wp","href":"https:\/\/api.w.org\/{rel}","templated":true}]}}