{"id":295,"date":"2023-06-29T10:22:03","date_gmt":"2023-06-29T08:22:03","guid":{"rendered":"https:\/\/eaglescheerleading.wordpress.com\/?page_id=295"},"modified":"2026-03-22T18:49:57","modified_gmt":"2026-03-22T17:49:57","slug":"eagles-summer-camp","status":"publish","type":"page","link":"https:\/\/eaglescheerleading.fr\/index.php\/eagles-summer-camp\/","title":{"rendered":"Comp\u00e9titions"},"content":{"rendered":"\n\n\n<figure class=\"wp-block-image size-full is-resized\"><img loading=\"lazy\" decoding=\"async\" width=\"800\" height=\"1000\" src=\"https:\/\/i0.wp.com\/eaglescheerleading.fr\/wp-content\/uploads\/2026\/03\/599798740_1329443672543845_6222903001507803996_n.jpg?resize=800%2C1000&#038;ssl=1\" alt=\"\" class=\"wp-image-1547\" style=\"width:840px;height:auto\" srcset=\"https:\/\/i0.wp.com\/eaglescheerleading.fr\/wp-content\/uploads\/2026\/03\/599798740_1329443672543845_6222903001507803996_n.jpg?w=1638&amp;ssl=1 1638w, https:\/\/i0.wp.com\/eaglescheerleading.fr\/wp-content\/uploads\/2026\/03\/599798740_1329443672543845_6222903001507803996_n.jpg?resize=240%2C300&amp;ssl=1 240w, https:\/\/i0.wp.com\/eaglescheerleading.fr\/wp-content\/uploads\/2026\/03\/599798740_1329443672543845_6222903001507803996_n.jpg?resize=819%2C1024&amp;ssl=1 819w, https:\/\/i0.wp.com\/eaglescheerleading.fr\/wp-content\/uploads\/2026\/03\/599798740_1329443672543845_6222903001507803996_n.jpg?resize=768%2C960&amp;ssl=1 768w, https:\/\/i0.wp.com\/eaglescheerleading.fr\/wp-content\/uploads\/2026\/03\/599798740_1329443672543845_6222903001507803996_n.jpg?resize=1229%2C1536&amp;ssl=1 1229w, https:\/\/i0.wp.com\/eaglescheerleading.fr\/wp-content\/uploads\/2026\/03\/599798740_1329443672543845_6222903001507803996_n.jpg?resize=160%2C200&amp;ssl=1 160w\" sizes=\"auto, (max-width: 800px) 100vw, 800px\" data-recalc-dims=\"1\" \/><\/figure>\n\n\n\n<p class=\"has-text-align-center\">Cheerleading | Championnat de Zone Nord 2026<\/p>\n\n\n\n<p class=\"has-text-align-center\">La Zone Nord accueillera la 4\u1d49 date du Championnat de zone le 28 mars 2026 \u00e0 l\u2019Athletica d\u2019Eaubonne&nbsp;<\/p>\n\n\n\n<p class=\"has-text-align-center\">Organis\u00e9e par le club des Gems de Sannois, cette journ\u00e9e rassemblera toutes les \u00e9quipes de la zone Nord, venues d\u00e9fendre leurs couleurs et se mesurer les unes aux autres.<\/p>\n\n\n\n<p class=\"has-text-align-center\">\u00c0 l\u2019issue de la comp\u00e9tition, les meilleures \u00e9quipes d\u00e9crocheront leur qualification pour la finale du Championnat de France, qui se tiendra les 13 &amp; 14 juin 2026&nbsp;<\/p>\n\n\n\n<p class=\"has-text-align-center\">Bonne chance \u00e0 toutes les \u00e9quipes engag\u00e9es !<\/p>\n\n\n\n<p class=\"has-text-align-center\"><br><\/p>\n\n\n\n<p class=\"has-text-align-center\"><\/p>\n\n\n\n<p class=\"has-text-align-center\"><\/p>\n","protected":false},"excerpt":{"rendered":"<p>Cheerleading | Championnat de Zone Nord 2026 La Zone Nord accueillera la 4\u1d49 date du Championnat de zone le 28 mars 2026 \u00e0 l\u2019Athletica d\u2019Eaubonne&nbsp; Organis\u00e9e par&hellip; <span class=\"read-more\"><a class=\"more-link\" href=\"https:\/\/eaglescheerleading.fr\/index.php\/eagles-summer-camp\/\" rel=\"bookmark\">Lire la suite de <span class=\"screen-reader-text\">\u00ab\u00a0Comp\u00e9titions\u00a0\u00bb<\/span><\/a><\/span><\/p>\n","protected":false},"author":2,"featured_media":0,"parent":0,"menu_order":0,"comment_status":"closed","ping_status":"closed","template":"","meta":{"footnotes":""},"class_list":["post-295","page","type-page","status-publish","hentry"],"jetpack_sharing_enabled":true,"_links":{"self":[{"href":"https:\/\/eaglescheerleading.fr\/index.php\/wp-json\/wp\/v2\/pages\/295","targetHints":{"allow":["GET"]}}],"collection":[{"href":"https:\/\/eaglescheerleading.fr\/index.php\/wp-json\/wp\/v2\/pages"}],"about":[{"href":"https:\/\/eaglescheerleading.fr\/index.php\/wp-json\/wp\/v2\/types\/page"}],"author":[{"embeddable":true,"href":"https:\/\/eaglescheerleading.fr\/index.php\/wp-json\/wp\/v2\/users\/2"}],"replies":[{"embeddable":true,"href":"https:\/\/eaglescheerleading.fr\/index.php\/wp-json\/wp\/v2\/comments?post=295"}],"version-history":[{"count":13,"href":"https:\/\/eaglescheerleading.fr\/index.php\/wp-json\/wp\/v2\/pages\/295\/revisions"}],"predecessor-version":[{"id":1549,"href":"https:\/\/eaglescheerleading.fr\/index.php\/wp-json\/wp\/v2\/pages\/295\/revisions\/1549"}],"wp:attachment":[{"href":"https:\/\/eaglescheerleading.fr\/index.php\/wp-json\/wp\/v2\/media?parent=295"}],"curies":[{"name":"wp","href":"https:\/\/api.w.org\/{rel}","templated":true}]}}